{"id":284,"date":"2024-01-03T14:42:06","date_gmt":"2024-01-03T14:42:06","guid":{"rendered":"https:\/\/www.torniss-ci.com\/?post_type=product&#038;p=284"},"modified":"2024-01-03T14:42:06","modified_gmt":"2024-01-03T14:42:06","slug":"peugeot","status":"publish","type":"product","link":"https:\/\/www.torniss-ci.com\/index.php\/product\/peugeot\/","title":{"rendered":"peugeot"},"content":{"rendered":"<p><span style=\"vertical-align: inherit;\">Le client est tr\u00e8s important, le client sera suivi par le client. Comme l&rsquo;\u00e9lite du pays, le deuil ni le corporal du mattis, l&rsquo;oreiller du lion. Comme l&rsquo;\u00e9lite du pays, le deuil ni le corporal du mattis, l&rsquo;oreiller du lion. Comme le pays de la terre, le deuil ni le corporal de la terre, l&rsquo;oreiller du lion.<\/span><\/p>\n","protected":false},"excerpt":{"rendered":"<p>Le client est tr\u00e8s important, le client sera suivi par le client. Comme l&rsquo;\u00e9lite du pays, le deuil ni le corporal du mattis, l&rsquo;oreiller du lion. Comme l&rsquo;\u00e9lite du pays, le deuil ni le corporal du mattis, l&rsquo;oreiller du lion. Comme le pays de la terre, le deuil ni le corporal de la terre, l&rsquo;oreiller du lion.<\/p>\n","protected":false},"featured_media":292,"template":"","meta":[],"product_cat":[15],"product_tag":[],"class_list":{"0":"post-284","1":"product","2":"type-product","3":"status-publish","4":"has-post-thumbnail","6":"product_cat-uncategorized","8":"entry","9":"has-media","11":"first","12":"instock","13":"shipping-taxable","14":"product-type-simple","15":"has-product-nav","16":"col","17":"span_1_of_3","18":"owp-content-center","19":"owp-thumbs-layout-horizontal","20":"owp-btn-normal","21":"owp-tabs-layout-horizontal"},"_links":{"self":[{"href":"https:\/\/www.torniss-ci.com\/index.php\/wp-json\/wp\/v2\/product\/284","targetHints":{"allow":["GET"]}}],"collection":[{"href":"https:\/\/www.torniss-ci.com\/index.php\/wp-json\/wp\/v2\/product"}],"about":[{"href":"https:\/\/www.torniss-ci.com\/index.php\/wp-json\/wp\/v2\/types\/product"}],"wp:featuredmedia":[{"embeddable":true,"href":"https:\/\/www.torniss-ci.com\/index.php\/wp-json\/wp\/v2\/media\/292"}],"wp:attachment":[{"href":"https:\/\/www.torniss-ci.com\/index.php\/wp-json\/wp\/v2\/media?parent=284"}],"wp:term":[{"taxonomy":"product_cat","embeddable":true,"href":"https:\/\/www.torniss-ci.com\/index.php\/wp-json\/wp\/v2\/product_cat?post=284"},{"taxonomy":"product_tag","embeddable":true,"href":"https:\/\/www.torniss-ci.com\/index.php\/wp-json\/wp\/v2\/product_tag?post=284"}],"curies":[{"name":"wp","href":"https:\/\/api.w.org\/{rel}","templated":true}]}}